{"id":28433,"date":"2024-02-08T16:27:35","date_gmt":"2024-02-08T15:27:35","guid":{"rendered":"https:\/\/sopremasuite.com\/?page_id=28433"},"modified":"2024-02-08T16:28:16","modified_gmt":"2024-02-08T15:28:16","slug":"impermeabilizacao-liquida","status":"publish","type":"page","link":"https:\/\/sopremasuite.com\/pt-pt\/impermeabilizacao-liquida\/","title":{"rendered":"Impermeabiliza\u00e7\u00e3o L\u00edquida"},"content":{"rendered":"\t\t<div data-elementor-type=\"wp-page\" data-elementor-id=\"28433\" class=\"elementor elementor-28433\" data-elementor-post-type=\"page\">\r\n\t\t\t\t\t\t\t\t\t<section class=\"elementor-section elementor-top-section elementor-element elementor-element-cca1334 elementor-section-boxed elementor-section-height-default elementor-section-height-default\" data-id=\"cca1334\" data-element_type=\"section\">\r\n\t\t\t\t\t\t<div class=\"elementor-container elementor-column-gap-default\">\r\n\t\t\t\t\t<div class=\"elementor-column elementor-col-100 elementor-top-column elementor-element elementor-element-955a7b7\" data-id=\"955a7b7\" data-element_type=\"column\">\r\n\t\t\t<div class=\"elementor-widget-wrap elementor-element-populated\">\r\n\t\t\t\t\t\t\t\t<div class=\"elementor-element elementor-element-d3176e5 elementor-widget elementor-widget-shortcode\" data-id=\"d3176e5\" data-element_type=\"widget\" data-widget_type=\"shortcode.default\">\r\n\t\t\t\t<div class=\"elementor-widget-container\">\r\n\t\t\t\t\t<div class=\"elementor-shortcode\">\t\t<style>\n\t\t\t.rangeslider__handle,\n\t\t\t.rangeslider__fill {\n\t\t\t\tbackground-color: #651fff;\n\t\t\t}\n\n\t\t\t.wordpress-form-wizard-posts-post-label,\n\t\t\t.wordpress-form-wizard-image-badge {\n\t\t\t\tbackground-color: #651fff;\n\t\t\t\tcolor: #FFFFFF;\n\t\t\t}\n\n\t\t\t.wordpress-form-wizard-step-choices-container {\n\t\t\t\tjustify-content: left;\n\t\t\t}\n\n\t\t\t.wordpress-form-wizard-steps-container {\n\t\t\t\ttext-align: left;\n\t\t\t}\n\n\t\t\t.wordpress-form-wizard-step-choice-container label,\n\t\t\t.wordpress-form-wizard-navigation,\n\t\t\t.wordpress-form-wizard-steps-container,\n\t\t\t.wordpress-form-wizard-top-bar {\n\t\t\t\tborder-color: #eaeaea;\n\t\t\t}\n\n\t\t\t.testprova :checked+label {\n\t\t\t\tborder-color: #651fff;\n\t\t\t}\n\n\t\t\timg.wordpress-form-wizard-responsive-image {\n\t\t\t\tmax-height: 300px;\n\t\t\t}\n\n\t\t\t.wordpress-form-wizard-posts-post-im {\n\t\t\t\theight: 300px;\n\t\t\t}\n\n\t\t\t\t\t<\/style>\n\t\t<form novalidate class=\"wordpress-form-wizard\" data-id=\"28426\" data-type=\"guided_selling\" data-show-results-at=\"\" data-price-calculation=\"\t\t\">\n\t\t\t<input type=\"hidden\" id=\"postTitleToShow\" value=\"Impermeabiliza\u00e7\u00e3o L\u00edquida TST-PT\">\n\n\t\t\t<div class=\"wordpress-form-wizard-top-bar\">\n\n\t\t\t\t<div class=\"wordpress-form-wizard-row\">\n\n\t\t\t\t\t\n\t\t\t\t\t\t\t\t\t\t\t\t\t\t<div class=\"wordpress-form-wizard-col-xs-12 wordpress-form-wizard-col-sm-12\">\n\t\t\t\t\t\t\t\t\n\n\t\t\t\t\t\t\t\t<div class=\"wordpress-form-wizard-progress-bar-container\">\n\t\t\t\t\t\t\t\t\t<div class=\"wordpress-form-wizard-progress-bar\" style=\"width: 0%; background-color: #651fff;\"><\/div>\n\t\t\t\t\t\t\t\t\t\t\t\t\t\t\t\t\t\t\t<div class=\"wizard-progress\">\n\t\t\t\t\t\t\t\t\t\t\t\t\t\t\t\t\t\t\t\t\t\t\t\t\t\t\t\t\t\t\t\t\t\t\t<div class=\"step in-progress  28427\">\n\t\t\t\t\t\t\t\t\t\t\t\t\t<span class=\"step-post-title\">Utiliza\u00e7\u00e3o<\/span><\/br>\n\t\t\t\t\t\t\t\t\t\t\t\t\t<span class=\"step-selected-option\">&nbsp;<\/span>\n\t\t\t\t\t\t\t\t\t\t\t\t\t<div class=\"node\"><\/div>\n\t\t\t\t\t\t\t\t\t\t\t\t<\/div>\n\t\t\t\t\t\t\t\t\t\t\t\t\t\t\t\t\t\t\t\t\t\t\t\t\t\t\t\t\t\t\t\t\t\t<div class=\"step  28429\">\n\t\t\t\t\t\t\t\t\t\t\t\t\t<span class=\"step-post-title\">Suporte<\/span><\/br>\n\t\t\t\t\t\t\t\t\t\t\t\t\t<span class=\"step-selected-option\">&nbsp;<\/span>\n\t\t\t\t\t\t\t\t\t\t\t\t\t<div class=\"node\"><\/div>\n\t\t\t\t\t\t\t\t\t\t\t\t<\/div>\n\t\t\t\t\t\t\t\t\t\t\t\t\t\t\t\t\t\t\t\t\t\t\t\t\t\t\t\t\t\t\t\t\t\t<div class=\"step  28431\">\n\t\t\t\t\t\t\t\t\t\t\t\t\t<span class=\"step-post-title\">Acabamento<\/span><\/br>\n\t\t\t\t\t\t\t\t\t\t\t\t\t<span class=\"step-selected-option\">&nbsp;<\/span>\n\t\t\t\t\t\t\t\t\t\t\t\t\t<div class=\"node\"><\/div>\n\t\t\t\t\t\t\t\t\t\t\t\t<\/div>\n\t\t\t\t\t\t\t\t\t\t\n\t\t\t\t\t\t\t\t\t\t<\/div>\n\t\t\t\t\t\t\t\t<\/div>\n\t\t\t\t\t\t\t\n\t\t\t\t\t\t\t\n\t\t\t\t\t\t\t\t<\/div>\n\n\t\t\t\t\t\t\t<\/div>\n\n\t\t\t\t\t\t\t<div class=\"wordpress-form-wizard-navigation wordpress-form-wizard-navigation-last-step\" style=\"display:none;\">\n\n\t\t\t\t\t\t\t\t \n\t\t\t\t\t\t\t\t\t<img decoding=\"async\" src=\"https:\/\/sopremasuite.com\/wp-content\/uploads\/2023\/09\/arrowleft.png\" class=\"wordpress-form-wizard-btn wordpress-form-wizard-previous-step-last-step \" style=\"width:25px; margin-right:10px;float:left;margin-top:6px;cursor:pointer;display: none;\">\n\n\t\t\t\t\t\t\t\t\t<button type=\"button\" class=\"wordpress-form-wizard-btn wordpress-form-wizard-restart\" style=\"display: none; background-color: #651fff; color: #FFFFFF;\">Restart\t\t\t\t\t\t\t\t\t<\/button>\n\t\t\t\t\t\t\t\t \n\t\t\t\t\t\t\t\t\t\t\t\t\t\t\t<\/div>\n\t\t\t\t\t\t\t\n\t\t\t\t\t\t\t<div class=\"wordpress-form-wizard-steps-container\">\n\n\t\t\t\t\t\t\t\t\n\t\t\t\t\t\t\t\t\n\t\t<div class=\"wordpress-form-wizard-step wordpress-form-wizard-step-28427 wordpress-form-wizard-step-current\"\" data-dependency=\"[]\" data-id=\"28427\">\n\n\t\n\t\t\t\t\t\t\t<div class=\"wordpress-form-wizard-step-title\">\n\t\t\t\t\t<img decoding=\"async\" src=\"https:\/\/sopremasuite.com\/wp-content\/uploads\/2023\/09\/arrowleft.png\" class=\"wordpress-form-wizard-btn wordpress-form-wizard-previous-step\" style=\"width:25px; margin-right:10px;float:left;margin-top:6px;cursor:pointer;\">\n\t\t\t\t\tUtiliza\u00e7\u00e3o\t\t\t\t\t<button type=\"button\" class=\"wordpress-form-wizard-btn wordpress-form-wizard-next-step\" style=\"float:right;background-color: #651fff; color: #FFFFFF;\">Next\t\t\t\t\t<\/button>\n\t\t\t\t<\/div>\n\t\t\t\n\t\t\t\n\t\t\t<div class=\"wordpress-form-wizard-row wordpress-form-wizard-step-choices-container \">\n\n\t\t\t\t\n\t\t\t\t\t\n\t\t\t\t\t\t\n\t\t\t\t\t\t\t<div class=\"wordpress-form-wizard-col-xs-12 wordpress-form-wizard-col-sm-2\">\n\n\t\t\t\t\t\t\t\t\n\t\t\t\t<div class=\"wordpress-form-wizard-step-choice-container  wordpress-form-wizard-step-choice-container-radio-style\">\n\t\t\t\t\t<div class=\"wordpress-form-wizard-image-checkbox \n\t\t\t\t\t\twordpress-form-wizard-choice-style-image-top\t\t\t\t\t\t\t\t\t\t\t\">\n\t\t\t\t\t\t<input type=\"radio\" name=\"28427\" required id=\"wordpress_form_wizard_2842728428\" value=\"28428\" data-price=\"0\" \/>\n\t\t\t\t\t\t<label for=\"wordpress_form_wizard_2842728428\">\n\t\t\t\t\t\t\t<i class=\"bx bxs-check-circle\" style=\"color: #651fff;\"><\/i>\n\t\t\t\t\t\t\t<i class=\"bx bxs-circle\"><\/i>\n\t\t\t\t\t\t\t<div class=\"wordpress-form-wizard-row testprova\">\n\n\t\t\t\t\t\t\t\t\n\t\t\t\t\t\t\t\t\t\t\t\t\t\t\t\t\t\t\t\t<div class=\"wordpress-form-wizard-col-xs-4 wordpress-form-wizard-col-sm-12 wordpress-form-wizard-no-padding wordpress-form-wizard-step-choice-image-container\">\n\t\t\t\t\t\t\t\t\t\t\t\n\t\t\t\t\t\t\t\t\t\t\t<img decoding=\"async\" class=\"wordpress-form-wizard-step-choice-img\" src=\"https:\/\/sopremasuite.com\/wp-content\/uploads\/2023\/09\/3-1001x1024.png\" \/>\n\t\t\t\t\t\t\t\t\t\t\t<\/div>\n\t\t\t\t\t\t\t\t\t\t\n\t\t\t\t\t\t\t\t\t\t\t\t\t\t\t\t\t\t\t\t\t\t<div class=\"wordpress-form-wizard-col-xs-8 wordpress-form-wizard-col-sm-12 wordpress-form-wizard-step-choice-title-container\">\n\t\t\t\t\t\t\t\t\t\t\t\t\n\t\t\t\t\t\t\t\t\t\t\t\t\t\t\t\t\t\t\t\t\t\t\t\t\t<div class=\"wordpress-form-wizard-step-choice-title\">\n\n\t\t\t\t\t\t\t\t\t\t\t\t\t\tN\u00e3o transmit\u00e1vel\n\t\t\t\t\t\t\t\t\t\t\t\t\t\t\n\t\t\t\t\t\t\t\t\t\t\t\t\t<\/div>\n\t\t\t\t\t\t\t\t\t\t\t\t\n\t\t\t\t\t\t\t\t\t\t\t\t\n\t\t\t\t\t\t\t\t\t\t\t\t\n\t\t\t\t\t\t\t\t\t\t\t\t<\/div>\n\t\t\t\t\t\t\t\t\t\t\t<\/div>\n\t\t\t\t\t\t<\/label>\n\t\t\t\t\t<\/div>\n\t\t\t\t<\/div>\n\n\n\t\t\t\t\t\t\t<\/div>\n\n\t\t\t\t\t\t\n\t\t\t\t\t\n\t\t\t\t\n\t\t\t<\/div>\n\t\t<\/div>\n\n\t\t\n\t\t<div class=\"wordpress-form-wizard-step wordpress-form-wizard-step-28429 \" style=\"display: none;\"\" data-dependency=\"{&quot;28427&quot;:{&quot;operator&quot;:&quot;contains&quot;,&quot;values&quot;:[&quot;28428&quot;]}}\" data-id=\"28429\">\n\n\t\n\t\t\t\t\t\t\t<div class=\"wordpress-form-wizard-step-title\">\n\t\t\t\t\t<img decoding=\"async\" src=\"https:\/\/sopremasuite.com\/wp-content\/uploads\/2023\/09\/arrowleft.png\" class=\"wordpress-form-wizard-btn wordpress-form-wizard-previous-step\" style=\"width:25px; margin-right:10px;float:left;margin-top:6px;cursor:pointer;\">\n\t\t\t\t\tSuporte\t\t\t\t\t<button type=\"button\" class=\"wordpress-form-wizard-btn wordpress-form-wizard-next-step\" style=\"float:right;background-color: #651fff; color: #FFFFFF;\">Next\t\t\t\t\t<\/button>\n\t\t\t\t<\/div>\n\t\t\t\n\t\t\t\n\t\t\t<div class=\"wordpress-form-wizard-row wordpress-form-wizard-step-choices-container \">\n\n\t\t\t\t\n\t\t\t\t\t\n\t\t\t\t\t\t\n\t\t\t\t\t\t\t<div class=\"wordpress-form-wizard-col-xs-12 wordpress-form-wizard-col-sm-2\">\n\n\t\t\t\t\t\t\t\t\n\t\t\t\t<div class=\"wordpress-form-wizard-step-choice-container  wordpress-form-wizard-step-choice-container-radio-style\">\n\t\t\t\t\t<div class=\"wordpress-form-wizard-image-checkbox \n\t\t\t\t\t\twordpress-form-wizard-choice-style-image-top\t\t\t\t\t\t\t\t\t\t\t\">\n\t\t\t\t\t\t<input type=\"radio\" name=\"28429\" required id=\"wordpress_form_wizard_2842928430\" value=\"28430\" data-price=\"0\" \/>\n\t\t\t\t\t\t<label for=\"wordpress_form_wizard_2842928430\">\n\t\t\t\t\t\t\t<i class=\"bx bxs-check-circle\" style=\"color: #651fff;\"><\/i>\n\t\t\t\t\t\t\t<i class=\"bx bxs-circle\"><\/i>\n\t\t\t\t\t\t\t<div class=\"wordpress-form-wizard-row testprova\">\n\n\t\t\t\t\t\t\t\t\n\t\t\t\t\t\t\t\t\t\t\t\t\t\t\t\t\t\t\t\t<div class=\"wordpress-form-wizard-col-xs-4 wordpress-form-wizard-col-sm-12 wordpress-form-wizard-no-padding wordpress-form-wizard-step-choice-image-container\">\n\t\t\t\t\t\t\t\t\t\t\t\n\t\t\t\t\t\t\t\t\t\t\t<img decoding=\"async\" class=\"wordpress-form-wizard-step-choice-img\" src=\"https:\/\/sopremasuite.com\/wp-content\/uploads\/2023\/09\/3-1001x1024.png\" \/>\n\t\t\t\t\t\t\t\t\t\t\t<\/div>\n\t\t\t\t\t\t\t\t\t\t\n\t\t\t\t\t\t\t\t\t\t\t\t\t\t\t\t\t\t\t\t\t\t<div class=\"wordpress-form-wizard-col-xs-8 wordpress-form-wizard-col-sm-12 wordpress-form-wizard-step-choice-title-container\">\n\t\t\t\t\t\t\t\t\t\t\t\t\n\t\t\t\t\t\t\t\t\t\t\t\t\t\t\t\t\t\t\t\t\t\t\t\t\t<div class=\"wordpress-form-wizard-step-choice-title\">\n\n\t\t\t\t\t\t\t\t\t\t\t\t\t\tRevestimento Cer\u00e2mico\n\t\t\t\t\t\t\t\t\t\t\t\t\t\t\n\t\t\t\t\t\t\t\t\t\t\t\t\t<\/div>\n\t\t\t\t\t\t\t\t\t\t\t\t\n\t\t\t\t\t\t\t\t\t\t\t\t\n\t\t\t\t\t\t\t\t\t\t\t\t\n\t\t\t\t\t\t\t\t\t\t\t\t<\/div>\n\t\t\t\t\t\t\t\t\t\t\t<\/div>\n\t\t\t\t\t\t<\/label>\n\t\t\t\t\t<\/div>\n\t\t\t\t<\/div>\n\n\n\t\t\t\t\t\t\t<\/div>\n\n\t\t\t\t\t\t\n\t\t\t\t\t\n\t\t\t\t\n\t\t\t<\/div>\n\t\t<\/div>\n\n\t\t\n\t\t<div class=\"wordpress-form-wizard-step wordpress-form-wizard-step-28431 \" style=\"display: none;\"\" data-dependency=\"{&quot;28429&quot;:{&quot;operator&quot;:&quot;contains&quot;,&quot;values&quot;:[&quot;28430&quot;]}}\" data-id=\"28431\">\n\n\t\n\t\t\t\t\t\t\t<div class=\"wordpress-form-wizard-step-title\">\n\t\t\t\t\t<img decoding=\"async\" src=\"https:\/\/sopremasuite.com\/wp-content\/uploads\/2023\/09\/arrowleft.png\" class=\"wordpress-form-wizard-btn wordpress-form-wizard-previous-step\" style=\"width:25px; margin-right:10px;float:left;margin-top:6px;cursor:pointer;\">\n\t\t\t\t\tAcabamento\t\t\t\t\t<button type=\"button\" class=\"wordpress-form-wizard-btn wordpress-form-wizard-next-step\" style=\"float:right;background-color: #651fff; color: #FFFFFF;\">Next\t\t\t\t\t<\/button>\n\t\t\t\t<\/div>\n\t\t\t\n\t\t\t\n\t\t\t<div class=\"wordpress-form-wizard-row wordpress-form-wizard-step-choices-container \">\n\n\t\t\t\t\n\t\t\t\t\t\n\t\t\t\t\t\t\n\t\t\t\t\t\t\t<div class=\"wordpress-form-wizard-col-xs-12 wordpress-form-wizard-col-sm-2\">\n\n\t\t\t\t\t\t\t\t\n\t\t\t\t<div class=\"wordpress-form-wizard-step-choice-container  wordpress-form-wizard-step-choice-container-radio-style\">\n\t\t\t\t\t<div class=\"wordpress-form-wizard-image-checkbox \n\t\t\t\t\t\twordpress-form-wizard-choice-style-image-top\t\t\t\t\t\t\t\t\t\t\t\">\n\t\t\t\t\t\t<input type=\"radio\" name=\"28431\" required id=\"wordpress_form_wizard_2843128432\" value=\"28432\" data-price=\"0\" \/>\n\t\t\t\t\t\t<label for=\"wordpress_form_wizard_2843128432\">\n\t\t\t\t\t\t\t<i class=\"bx bxs-check-circle\" style=\"color: #651fff;\"><\/i>\n\t\t\t\t\t\t\t<i class=\"bx bxs-circle\"><\/i>\n\t\t\t\t\t\t\t<div class=\"wordpress-form-wizard-row testprova\">\n\n\t\t\t\t\t\t\t\t\n\t\t\t\t\t\t\t\t\t\t\t\t\t\t\t\t\t\t\t\t<div class=\"wordpress-form-wizard-col-xs-4 wordpress-form-wizard-col-sm-12 wordpress-form-wizard-no-padding wordpress-form-wizard-step-choice-image-container\">\n\t\t\t\t\t\t\t\t\t\t\t\n\t\t\t\t\t\t\t\t\t\t\t<img decoding=\"async\" class=\"wordpress-form-wizard-step-choice-img\" src=\"https:\/\/sopremasuite.com\/wp-content\/uploads\/2023\/09\/3-1001x1024.png\" \/>\n\t\t\t\t\t\t\t\t\t\t\t<\/div>\n\t\t\t\t\t\t\t\t\t\t\n\t\t\t\t\t\t\t\t\t\t\t\t\t\t\t\t\t\t\t\t\t\t<div class=\"wordpress-form-wizard-col-xs-8 wordpress-form-wizard-col-sm-12 wordpress-form-wizard-step-choice-title-container\">\n\t\t\t\t\t\t\t\t\t\t\t\t\n\t\t\t\t\t\t\t\t\t\t\t\t\t\t\t\t\t\t\t\t\t\t\t\t\t<div class=\"wordpress-form-wizard-step-choice-title\">\n\n\t\t\t\t\t\t\t\t\t\t\t\t\t\tImpermeabiliza\u00e7\u00e3o L\u00edquida H\u00edbrida\n\t\t\t\t\t\t\t\t\t\t\t\t\t\t\n\t\t\t\t\t\t\t\t\t\t\t\t\t<\/div>\n\t\t\t\t\t\t\t\t\t\t\t\t\n\t\t\t\t\t\t\t\t\t\t\t\t\n\t\t\t\t\t\t\t\t\t\t\t\t\n\t\t\t\t\t\t\t\t\t\t\t\t<\/div>\n\t\t\t\t\t\t\t\t\t\t\t<\/div>\n\t\t\t\t\t\t<\/label>\n\t\t\t\t\t<\/div>\n\t\t\t\t<\/div>\n\n\n\t\t\t\t\t\t\t<\/div>\n\n\t\t\t\t\t\t\n\t\t\t\t\t\n\t\t\t\t\n\t\t\t<\/div>\n\t\t<\/div>\n\n\t\t\n\t\t\t\t\t\t\t\t<div class=\"wordpress-form-wizard-step wordpress-form-wizard-step-final\" style=\"display: none;\" data-id=\"0\">\n\n\t\t\t\t\t\t\t\t\t<div class=\"wordpress-form-wizard-row \">\n\t\t\t\t\t\t\t\t\t\t<div class=\"wordpress-form-wizard-col-xs-12 wordpress-form-wizard-center-xs\">\n\n\t\t\t\t\t\t\t\t\t\t\t\n\t\t\t\t\t\t\t\t\t\t\t\t\t\t\t\t\t\t\t\t\t\t\t<div class=\"wordpress-form-wizard-step-description wordpress-form-wizard-step-description-final\">\n\t\t\t\t\t\t\t\t\t\t\t\t\t<p>Finalizado! Veja o seu resultado abaixo.<\/p>\n\t\t\t\t\t\t\t\t\t\t\t\t<\/div>\n\t\t\t\t\t\t\t\t\t\t\t\n\t\t\t\t\t\t\t\t\t\t<\/div>\n\t\t\t\t\t\t\t\t\t<\/div>\n\n\t\t\t\t\t\t\t\t\t\n\t\t\t\t\t\t\t\t\t\t\t\t\t\t\t\t\t\t\t<div class=\"wordpress-form-wizard-posts-container\">\n\n\t\t\t\t\t\t\t\t\t\t<\/div>\n\t\t\t\t\t\t\t\t\t\n\t\t\t\t\t\t\t\t\t<div class=\"wordpress-form-wizard-loading-container\" style=\"display: none;\">\n\t\t\t\t\t\t\t\t\t\t<div class=\"wordpress-form-wizard-loading-icon\">\n\t\t\t\t\t\t\t\t\t\t\t<i class=\"bx bx-radio-circle bx-burst\" style=\"color: #651fff;\"><\/i>\n\t\t\t\t\t\t\t\t\t\t<\/div>\n\t\t\t\t\t\t\t\t\t\t<div class=\"wordpress-form-wizard-loading-text\">\n\t\t\t\t\t\t\t\t\t\t\tRelaxe, est\u00e1 carregando seus resultados\t\t\t\t\t\t\t\t\t\t<\/div>\n\t\t\t\t\t\t\t\t\t<\/div>\n\n\t\t\t\t\t\t\t\t<\/div>\n\n\t\t\t\t\t\t\t<\/div>\n\t\t<\/form>\n\n\t<\/div>\r\n\t\t\t\t<\/div>\r\n\t\t\t\t<\/div>\r\n\t\t\t\t\t<\/div>\r\n\t\t<\/div>\r\n\t\t\t\t\t\t\t<\/div>\r\n\t\t<\/section>\r\n\t\t\t\t\t\t\t<\/div>\r\n\t\t","protected":false},"excerpt":{"rendered":"","protected":false},"author":4,"featured_media":0,"parent":0,"menu_order":0,"comment_status":"closed","ping_status":"closed","template":"","meta":{"_monsterinsights_skip_tracking":false,"_monsterinsights_sitenote_active":false,"_monsterinsights_sitenote_note":"","_monsterinsights_sitenote_category":0,"_tbt_post_transparent":"","_tbt_post_title":"hide","_tbt_post_layout":"fullwidth","_tbt_post_sidebar_id":"","_tbt_post_content_style":"unboxed","_tbt_post_vertical_padding":"hide","_tbt_post_feature":"hide","_tbt_post_feature_position":"","_tbt_post_header":false,"_tbt_post_footer":false,"_links_to":"","_links_to_target":""},"class_list":["post-28433","page","type-page","status-publish","hentry"],"acf":[],"_links":{"self":[{"href":"https:\/\/sopremasuite.com\/pt-pt\/wp-json\/wp\/v2\/pages\/28433","targetHints":{"allow":["GET"]}}],"collection":[{"href":"https:\/\/sopremasuite.com\/pt-pt\/wp-json\/wp\/v2\/pages"}],"about":[{"href":"https:\/\/sopremasuite.com\/pt-pt\/wp-json\/wp\/v2\/types\/page"}],"author":[{"embeddable":true,"href":"https:\/\/sopremasuite.com\/pt-pt\/wp-json\/wp\/v2\/users\/4"}],"replies":[{"embeddable":true,"href":"https:\/\/sopremasuite.com\/pt-pt\/wp-json\/wp\/v2\/comments?post=28433"}],"version-history":[{"count":4,"href":"https:\/\/sopremasuite.com\/pt-pt\/wp-json\/wp\/v2\/pages\/28433\/revisions"}],"predecessor-version":[{"id":28437,"href":"https:\/\/sopremasuite.com\/pt-pt\/wp-json\/wp\/v2\/pages\/28433\/revisions\/28437"}],"wp:attachment":[{"href":"https:\/\/sopremasuite.com\/pt-pt\/wp-json\/wp\/v2\/media?parent=28433"}],"curies":[{"name":"wp","href":"https:\/\/api.w.org\/{rel}","templated":true}]}}